{"id":12727,"date":"2025-09-11T10:39:56","date_gmt":"2025-09-11T08:39:56","guid":{"rendered":"https:\/\/kisuihair.com\/?post_type=product&#038;p=12727"},"modified":"2026-01-30T12:14:56","modified_gmt":"2026-01-30T11:14:56","slug":"set-profesional-kisui","status":"publish","type":"product","link":"https:\/\/stag.kisuihair.com\/es\/set-profesional-kisui\/","title":{"rendered":"<b>Set Profesional Ki.Sui<\/b> <br><span style=\"font-family: 'Red Hat Mono', monospace\">Uso exclusivo para profesionales<\/span>"},"content":{"rendered":"","protected":false},"excerpt":{"rendered":"<p>Los <strong>Sets Profesionales Ki.Sui<\/strong> re\u00fanen una selecci\u00f3n de productos en formato de 100 mL (y 150 mL en el caso de sprays espec\u00edficos), ideales para descubrir la esencia de la marca y experimentar resultados reales en el cabello y el cuero cabelludo.<br \/>\nDise\u00f1ados para profesionales, estos sets permiten explorar distintas l\u00edneas y texturas.<\/p>\n<p><strong>Elige un set<\/strong> para descubrir su contenido:<br \/>\n&#8211; Silky Set: Experimenta el poder del alisado Ki.Sui<br \/>\n&#8211; Routine Basics: Los esenciales para empezar<br \/>\n&#8211; Advance: Equilibrio entre tratamiento y acabado<br \/>\n&#8211; Signature: El set m\u00e1s completo<\/p>\n","protected":false},"featured_media":12716,"comment_status":"open","ping_status":"closed","template":"","meta":{"_acf_changed":false},"product_brand":[],"product_cat":[224],"product_tag":[],"class_list":{"0":"post-12727","1":"product","2":"type-product","3":"status-publish","4":"has-post-thumbnail","6":"product_cat-sets-profesionales","8":"first","9":"instock","10":"taxable","11":"shipping-taxable","12":"purchasable","13":"product-type-variable","14":"has-default-attributes"},"acf":[],"_links":{"self":[{"href":"https:\/\/stag.kisuihair.com\/es\/wp-json\/wp\/v2\/product\/12727","targetHints":{"allow":["GET"]}}],"collection":[{"href":"https:\/\/stag.kisuihair.com\/es\/wp-json\/wp\/v2\/product"}],"about":[{"href":"https:\/\/stag.kisuihair.com\/es\/wp-json\/wp\/v2\/types\/product"}],"replies":[{"embeddable":true,"href":"https:\/\/stag.kisuihair.com\/es\/wp-json\/wp\/v2\/comments?post=12727"}],"wp:featuredmedia":[{"embeddable":true,"href":"https:\/\/stag.kisuihair.com\/es\/wp-json\/wp\/v2\/media\/12716"}],"wp:attachment":[{"href":"https:\/\/stag.kisuihair.com\/es\/wp-json\/wp\/v2\/media?parent=12727"}],"wp:term":[{"taxonomy":"product_brand","embeddable":true,"href":"https:\/\/stag.kisuihair.com\/es\/wp-json\/wp\/v2\/product_brand?post=12727"},{"taxonomy":"product_cat","embeddable":true,"href":"https:\/\/stag.kisuihair.com\/es\/wp-json\/wp\/v2\/product_cat?post=12727"},{"taxonomy":"product_tag","embeddable":true,"href":"https:\/\/stag.kisuihair.com\/es\/wp-json\/wp\/v2\/product_tag?post=12727"}],"curies":[{"name":"wp","href":"https:\/\/api.w.org\/{rel}","templated":true}]}}