{"id":6371,"date":"2025-04-24T13:27:22","date_gmt":"2025-04-24T11:27:22","guid":{"rendered":"https:\/\/kisuihair.com\/?post_type=product&#038;p=6371"},"modified":"2025-12-29T11:49:36","modified_gmt":"2025-12-29T10:49:36","slug":"illuminating-shine","status":"publish","type":"product","link":"https:\/\/stag.kisuihair.com\/es\/illuminating-shine\/","title":{"rendered":"<b>Illuminating Shine<\/b><br><span style=\"font-family: 'Red Hat Mono', monospace;\">Spray de protecci\u00f3n t\u00e9rmica que potencia el brillo<\/span>"},"content":{"rendered":"","protected":false},"excerpt":{"rendered":"<p>Ilumina tu cabello con Illuminating Shine, un spray capilar que potencia el brillo y sella la cut\u00edcula para un acabado sedoso y luminoso. Enriquecido con aceites de Arg\u00e1n, Coco, Macadamia y Jojoba, hidrata y suaviza sin apelmazar. Su protecci\u00f3n t\u00e9rmica integrada protege el cabello del da\u00f1o causado por el calor, manteni\u00e9ndolo saludable y manejable. Ideal para todo tipo de cabello, aporta un brillo radiante y un efecto antifrizz inmediato.<\/p>\n","protected":false},"featured_media":8244,"comment_status":"open","ping_status":"closed","template":"","meta":{"_acf_changed":false},"product_brand":[],"product_cat":[184,185,182,186,183,163,133,132,131,138,137],"product_tag":[],"class_list":{"0":"post-6371","1":"product","2":"type-product","3":"status-publish","4":"has-post-thumbnail","6":"product_cat-cabello-danado","7":"product_cat-cabello-encrespado","8":"product_cat-cabello-graso","9":"product_cat-cabello-grueso","10":"product_cat-cabello-rizado","11":"product_cat-ki-sui-es","12":"product_cat-cabello-tenido","13":"product_cat-cabello-seco","14":"product_cat-cabello-fino","15":"product_cat-perfect-finish","16":"product_cat-styling","18":"first","19":"instock","20":"taxable","21":"shipping-taxable","22":"purchasable","23":"product-type-variable","24":"has-default-attributes"},"acf":[],"_links":{"self":[{"href":"https:\/\/stag.kisuihair.com\/es\/wp-json\/wp\/v2\/product\/6371","targetHints":{"allow":["GET"]}}],"collection":[{"href":"https:\/\/stag.kisuihair.com\/es\/wp-json\/wp\/v2\/product"}],"about":[{"href":"https:\/\/stag.kisuihair.com\/es\/wp-json\/wp\/v2\/types\/product"}],"replies":[{"embeddable":true,"href":"https:\/\/stag.kisuihair.com\/es\/wp-json\/wp\/v2\/comments?post=6371"}],"wp:featuredmedia":[{"embeddable":true,"href":"https:\/\/stag.kisuihair.com\/es\/wp-json\/wp\/v2\/media\/8244"}],"wp:attachment":[{"href":"https:\/\/stag.kisuihair.com\/es\/wp-json\/wp\/v2\/media?parent=6371"}],"wp:term":[{"taxonomy":"product_brand","embeddable":true,"href":"https:\/\/stag.kisuihair.com\/es\/wp-json\/wp\/v2\/product_brand?post=6371"},{"taxonomy":"product_cat","embeddable":true,"href":"https:\/\/stag.kisuihair.com\/es\/wp-json\/wp\/v2\/product_cat?post=6371"},{"taxonomy":"product_tag","embeddable":true,"href":"https:\/\/stag.kisuihair.com\/es\/wp-json\/wp\/v2\/product_tag?post=6371"}],"curies":[{"name":"wp","href":"https:\/\/api.w.org\/{rel}","templated":true}]}}