{"id":6379,"date":"2025-05-20T14:18:54","date_gmt":"2025-05-20T12:18:54","guid":{"rendered":"https:\/\/kisuihair.com\/?post_type=product&#038;p=6379"},"modified":"2025-12-10T08:04:33","modified_gmt":"2025-12-10T07:04:33","slug":"brunette-illuminated-care","status":"publish","type":"product","link":"https:\/\/stag.kisuihair.com\/es\/brunette-illuminated-care\/","title":{"rendered":"<b>Brunette Illuminated Care<\/b><br><span style=\"font-family: 'Red Hat Mono', monospace;\">Mascarilla para cabello casta\u00f1o que realza los tonos morenos<\/span>"},"content":{"rendered":"","protected":false},"excerpt":{"rendered":"<p>Esta mascarilla capilar para cabellos casta\u00f1os act\u00faa como intensificador de color y revitalizante del cabello, realzando espec\u00edficamente los tonos casta\u00f1os y destacando mechones para crear un contraste suave y natural. Dise\u00f1ada como un tratamiento de color semi permanente, es perfecta para usar entre visitas al sal\u00f3n de peluquer\u00eda o para retoques de color en casa. Formulada profesionalmente con ingredientes ricos y nutritivos como el trigo, shiitake, ginseng, ca\u00f1a de az\u00facar, prote\u00edna de arroz, ginkgo biloba y vitamina E, esta mascarilla ofrece un cuidado intensivo, dejando el cabello casta\u00f1o radiante, saludable y lleno de vida.<\/p>\n","protected":false},"featured_media":4645,"comment_status":"open","ping_status":"closed","template":"","meta":{"_acf_changed":false},"product_brand":[],"product_cat":[163,141,133,140],"product_tag":[],"class_list":{"0":"post-6379","1":"product","2":"type-product","3":"status-publish","4":"has-post-thumbnail","6":"product_cat-ki-sui-es","7":"product_cat-colour-refresh-mask","8":"product_cat-cabello-tenido","9":"product_cat-mascarilla","11":"first","12":"instock","13":"taxable","14":"shipping-taxable","15":"purchasable","16":"product-type-variable"},"acf":[],"_links":{"self":[{"href":"https:\/\/stag.kisuihair.com\/es\/wp-json\/wp\/v2\/product\/6379","targetHints":{"allow":["GET"]}}],"collection":[{"href":"https:\/\/stag.kisuihair.com\/es\/wp-json\/wp\/v2\/product"}],"about":[{"href":"https:\/\/stag.kisuihair.com\/es\/wp-json\/wp\/v2\/types\/product"}],"replies":[{"embeddable":true,"href":"https:\/\/stag.kisuihair.com\/es\/wp-json\/wp\/v2\/comments?post=6379"}],"wp:featuredmedia":[{"embeddable":true,"href":"https:\/\/stag.kisuihair.com\/es\/wp-json\/wp\/v2\/media\/4645"}],"wp:attachment":[{"href":"https:\/\/stag.kisuihair.com\/es\/wp-json\/wp\/v2\/media?parent=6379"}],"wp:term":[{"taxonomy":"product_brand","embeddable":true,"href":"https:\/\/stag.kisuihair.com\/es\/wp-json\/wp\/v2\/product_brand?post=6379"},{"taxonomy":"product_cat","embeddable":true,"href":"https:\/\/stag.kisuihair.com\/es\/wp-json\/wp\/v2\/product_cat?post=6379"},{"taxonomy":"product_tag","embeddable":true,"href":"https:\/\/stag.kisuihair.com\/es\/wp-json\/wp\/v2\/product_tag?post=6379"}],"curies":[{"name":"wp","href":"https:\/\/api.w.org\/{rel}","templated":true}]}}