{"id":6383,"date":"2025-05-20T14:18:30","date_gmt":"2025-05-20T12:18:30","guid":{"rendered":"https:\/\/kisuihair.com\/?post_type=product&#038;p=6383"},"modified":"2026-01-23T15:49:50","modified_gmt":"2026-01-23T14:49:50","slug":"platinum-blonde-care","status":"publish","type":"product","link":"https:\/\/stag.kisuihair.com\/es\/platinum-blonde-care\/","title":{"rendered":"<b>Platinum Blonde Care<\/b><br><span style=\"font-family: 'Red Hat Mono', monospace;\">Mascarilla que neutraliza la oxidaci\u00f3n en rubios y canas<\/span>"},"content":{"rendered":"","protected":false},"excerpt":{"rendered":"<p>Esta \u00fanica mascarilla negra est\u00e1 especialmente dise\u00f1ada para tonos fr\u00edos, tintes platinos y cabello naturalmente gris. Es la soluci\u00f3n ideal para lograr ese codiciado efecto platino fr\u00edo. Actuando como un eficaz corrector de color de cabello, matiza cualquier tono amarillo no deseado en cabellos rubios, a la vez que a\u00f1ade un toque extra de luminosidad. La mascarilla no solo revitaliza sino que tambi\u00e9n acondiciona, dejando tu cabello con un brillo encantador. Dise\u00f1ada como un tratamiento de color de cabello semi permanente, es perfecta para mantener tu color entre visitas al sal\u00f3n de peluquer\u00eda o durante las rutinas de coloraci\u00f3n en casa. Su formulaci\u00f3n profesional incluye ingredientes ricos en nutrientes como trigo, shiitake, ginseng, ca\u00f1a de az\u00facar, prote\u00edna de arroz, ginkgo biloba y vitamina E, asegurando que tu cabello reciba el m\u00e1ximo cuidado y nutrici\u00f3n.<\/p>\n","protected":false},"featured_media":4657,"comment_status":"open","ping_status":"closed","template":"","meta":{"_acf_changed":false},"product_brand":[],"product_cat":[163,141,133,140],"product_tag":[],"class_list":{"0":"post-6383","1":"product","2":"type-product","3":"status-publish","4":"has-post-thumbnail","6":"product_cat-ki-sui-es","7":"product_cat-colour-refresh-mask","8":"product_cat-cabello-tenido","9":"product_cat-mascarilla","11":"first","12":"instock","13":"taxable","14":"shipping-taxable","15":"purchasable","16":"product-type-variable","17":"has-default-attributes"},"acf":[],"_links":{"self":[{"href":"https:\/\/stag.kisuihair.com\/es\/wp-json\/wp\/v2\/product\/6383","targetHints":{"allow":["GET"]}}],"collection":[{"href":"https:\/\/stag.kisuihair.com\/es\/wp-json\/wp\/v2\/product"}],"about":[{"href":"https:\/\/stag.kisuihair.com\/es\/wp-json\/wp\/v2\/types\/product"}],"replies":[{"embeddable":true,"href":"https:\/\/stag.kisuihair.com\/es\/wp-json\/wp\/v2\/comments?post=6383"}],"wp:featuredmedia":[{"embeddable":true,"href":"https:\/\/stag.kisuihair.com\/es\/wp-json\/wp\/v2\/media\/4657"}],"wp:attachment":[{"href":"https:\/\/stag.kisuihair.com\/es\/wp-json\/wp\/v2\/media?parent=6383"}],"wp:term":[{"taxonomy":"product_brand","embeddable":true,"href":"https:\/\/stag.kisuihair.com\/es\/wp-json\/wp\/v2\/product_brand?post=6383"},{"taxonomy":"product_cat","embeddable":true,"href":"https:\/\/stag.kisuihair.com\/es\/wp-json\/wp\/v2\/product_cat?post=6383"},{"taxonomy":"product_tag","embeddable":true,"href":"https:\/\/stag.kisuihair.com\/es\/wp-json\/wp\/v2\/product_tag?post=6383"}],"curies":[{"name":"wp","href":"https:\/\/api.w.org\/{rel}","templated":true}]}}