{"id":6387,"date":"2025-05-20T14:18:23","date_gmt":"2025-05-20T12:18:23","guid":{"rendered":"https:\/\/kisuihair.com\/?post_type=product&#038;p=6387"},"modified":"2025-12-07T13:36:07","modified_gmt":"2025-12-07T12:36:07","slug":"pearly-blonde-care","status":"publish","type":"product","link":"https:\/\/stag.kisuihair.com\/es\/pearly-blonde-care\/","title":{"rendered":"<b>Pearly Blonde Care<\/b><br><span style=\"font-family: 'Red Hat Mono', monospace;\">Mascarilla p\u00farpura que aten\u00faa los reflejos amarillos<\/span>"},"content":{"rendered":"","protected":false},"excerpt":{"rendered":"<p>Esta mascarilla para cabello rubio act\u00faa como un intensificador de color y revitalizante din\u00e1mico, dise\u00f1ada por expertos para matizar y neutralizar los tonos amarillos en cabellos rubios da\u00f1ados por el sol o con reflejos, aportando un refinado tono rubio beige nacarado. Perfecta como una mascarilla de coloraci\u00f3n semi permanente para usar entre visitas al sal\u00f3n de peluquer\u00eda o para sesiones de coloraci\u00f3n en casa. Ideal para revivir el balayage o realzar los tonos rubios naturales. Nuestra formulaci\u00f3n profesional, enriquecida con trigo, shiitake, ginseng, ca\u00f1a de az\u00facar, prote\u00edna de arroz, ginkgo biloba y vitamina E, proporciona una nutrici\u00f3n profunda, dejando el cabello rubio vibrante, brillante y revitalizado.<\/p>\n","protected":false},"featured_media":4650,"comment_status":"open","ping_status":"closed","template":"","meta":{"_acf_changed":false},"product_brand":[],"product_cat":[163,141,133,140],"product_tag":[],"class_list":{"0":"post-6387","1":"product","2":"type-product","3":"status-publish","4":"has-post-thumbnail","6":"product_cat-ki-sui-es","7":"product_cat-colour-refresh-mask","8":"product_cat-cabello-tenido","9":"product_cat-mascarilla","11":"first","12":"instock","13":"taxable","14":"shipping-taxable","15":"purchasable","16":"product-type-variable","17":"has-default-attributes"},"acf":[],"_links":{"self":[{"href":"https:\/\/stag.kisuihair.com\/es\/wp-json\/wp\/v2\/product\/6387","targetHints":{"allow":["GET"]}}],"collection":[{"href":"https:\/\/stag.kisuihair.com\/es\/wp-json\/wp\/v2\/product"}],"about":[{"href":"https:\/\/stag.kisuihair.com\/es\/wp-json\/wp\/v2\/types\/product"}],"replies":[{"embeddable":true,"href":"https:\/\/stag.kisuihair.com\/es\/wp-json\/wp\/v2\/comments?post=6387"}],"wp:featuredmedia":[{"embeddable":true,"href":"https:\/\/stag.kisuihair.com\/es\/wp-json\/wp\/v2\/media\/4650"}],"wp:attachment":[{"href":"https:\/\/stag.kisuihair.com\/es\/wp-json\/wp\/v2\/media?parent=6387"}],"wp:term":[{"taxonomy":"product_brand","embeddable":true,"href":"https:\/\/stag.kisuihair.com\/es\/wp-json\/wp\/v2\/product_brand?post=6387"},{"taxonomy":"product_cat","embeddable":true,"href":"https:\/\/stag.kisuihair.com\/es\/wp-json\/wp\/v2\/product_cat?post=6387"},{"taxonomy":"product_tag","embeddable":true,"href":"https:\/\/stag.kisuihair.com\/es\/wp-json\/wp\/v2\/product_tag?post=6387"}],"curies":[{"name":"wp","href":"https:\/\/api.w.org\/{rel}","templated":true}]}}