{"id":6391,"date":"2025-05-22T14:18:15","date_gmt":"2025-05-22T12:18:15","guid":{"rendered":"https:\/\/kisuihair.com\/?post_type=product&#038;p=6391"},"modified":"2026-02-05T10:44:32","modified_gmt":"2026-02-05T09:44:32","slug":"smooth-touch-mask","status":"publish","type":"product","link":"https:\/\/stag.kisuihair.com\/es\/smooth-touch-mask\/","title":{"rendered":"<b>Smooth Touch Mask<\/b><br><span style=\"font-family: 'Red Hat Mono', monospace;\">Mascarilla nutritiva antiencrespamiento<\/span>"},"content":{"rendered":"","protected":false},"excerpt":{"rendered":"<p>Mascarilla capilar nutritiva, dise\u00f1ada por expertos para restaurar, nutrir y reestructurar el cabello. Este tratamiento intensivo y flexible es ideal como mascarilla para cabellos da\u00f1ados, apuntando de manera efectiva y revitalizando incluso los mechones m\u00e1s da\u00f1ados o extremadamente da\u00f1ados. Perfecta para combatir la sequedad y el frizz, nuestra f\u00f3rmula hace maravillas en cabellos secos y propensos al frizz. Experimenta la transformaci\u00f3n hacia un cabello m\u00e1s suave y resistente con esta mascarilla capilar profundamente nutritiva.<\/p>\n","protected":false},"featured_media":5294,"comment_status":"open","ping_status":"closed","template":"","meta":{"_acf_changed":false},"product_brand":[],"product_cat":[184,185,186,183,180,163,132,134,140],"product_tag":[],"class_list":{"0":"post-6391","1":"product","2":"type-product","3":"status-publish","4":"has-post-thumbnail","6":"product_cat-cabello-danado","7":"product_cat-cabello-encrespado","8":"product_cat-cabello-grueso","9":"product_cat-cabello-rizado","10":"product_cat-cuero-cabelludo-seco","11":"product_cat-ki-sui-es","12":"product_cat-cabello-seco","13":"product_cat-lila","14":"product_cat-mascarilla","16":"first","17":"instock","18":"taxable","19":"shipping-taxable","20":"purchasable","21":"product-type-variable","22":"has-default-attributes"},"acf":[],"_links":{"self":[{"href":"https:\/\/stag.kisuihair.com\/es\/wp-json\/wp\/v2\/product\/6391","targetHints":{"allow":["GET"]}}],"collection":[{"href":"https:\/\/stag.kisuihair.com\/es\/wp-json\/wp\/v2\/product"}],"about":[{"href":"https:\/\/stag.kisuihair.com\/es\/wp-json\/wp\/v2\/types\/product"}],"replies":[{"embeddable":true,"href":"https:\/\/stag.kisuihair.com\/es\/wp-json\/wp\/v2\/comments?post=6391"}],"wp:featuredmedia":[{"embeddable":true,"href":"https:\/\/stag.kisuihair.com\/es\/wp-json\/wp\/v2\/media\/5294"}],"wp:attachment":[{"href":"https:\/\/stag.kisuihair.com\/es\/wp-json\/wp\/v2\/media?parent=6391"}],"wp:term":[{"taxonomy":"product_brand","embeddable":true,"href":"https:\/\/stag.kisuihair.com\/es\/wp-json\/wp\/v2\/product_brand?post=6391"},{"taxonomy":"product_cat","embeddable":true,"href":"https:\/\/stag.kisuihair.com\/es\/wp-json\/wp\/v2\/product_cat?post=6391"},{"taxonomy":"product_tag","embeddable":true,"href":"https:\/\/stag.kisuihair.com\/es\/wp-json\/wp\/v2\/product_tag?post=6391"}],"curies":[{"name":"wp","href":"https:\/\/api.w.org\/{rel}","templated":true}]}}