{"id":6395,"date":"2025-05-22T14:18:08","date_gmt":"2025-05-22T12:18:08","guid":{"rendered":"https:\/\/kisuihair.com\/?post_type=product&#038;p=6395"},"modified":"2026-02-05T10:44:32","modified_gmt":"2026-02-05T09:44:32","slug":"airy-shine-mask","status":"publish","type":"product","link":"https:\/\/stag.kisuihair.com\/es\/airy-shine-mask\/","title":{"rendered":"<b>Airy &#038; Shine Mask<\/b><br><span style=\"font-family: 'Red Hat Mono', monospace;\">Mascarilla voluminizadora para cabellos finos<\/span>"},"content":{"rendered":"","protected":false},"excerpt":{"rendered":"<p>Impulso Duradero de Volumen y Brillo con nuestra avanzada mascarilla capilar. Formulada especialmente para cabellos finos, envejecidos y fr\u00e1giles, esta mascarilla resulta ideal para cabellos con ra\u00edces grasas y para quienes desean aumentar su volumen. Act\u00faa directamente sobre la fibra capilar para engrosarla y fortalecerla, a la vez que dota a cada mech\u00f3n de un resplandor luminoso. Es perfecta para conseguir un cabello voluminoso y de aspecto saludable que irradia vitalidad.<\/p>\n","protected":false},"featured_media":4619,"comment_status":"open","ping_status":"closed","template":"","meta":{"_acf_changed":false},"product_brand":[],"product_cat":[184,185,182,181,163,139,132,131,140],"product_tag":[],"class_list":{"0":"post-6395","1":"product","2":"type-product","3":"status-publish","4":"has-post-thumbnail","6":"product_cat-cabello-danado","7":"product_cat-cabello-encrespado","8":"product_cat-cabello-graso","9":"product_cat-cuero-cabelludo-graso","10":"product_cat-ki-sui-es","11":"product_cat-coral","12":"product_cat-cabello-seco","13":"product_cat-cabello-fino","14":"product_cat-mascarilla","16":"first","17":"instock","18":"taxable","19":"shipping-taxable","20":"purchasable","21":"product-type-variable","22":"has-default-attributes"},"acf":[],"_links":{"self":[{"href":"https:\/\/stag.kisuihair.com\/es\/wp-json\/wp\/v2\/product\/6395","targetHints":{"allow":["GET"]}}],"collection":[{"href":"https:\/\/stag.kisuihair.com\/es\/wp-json\/wp\/v2\/product"}],"about":[{"href":"https:\/\/stag.kisuihair.com\/es\/wp-json\/wp\/v2\/types\/product"}],"replies":[{"embeddable":true,"href":"https:\/\/stag.kisuihair.com\/es\/wp-json\/wp\/v2\/comments?post=6395"}],"wp:featuredmedia":[{"embeddable":true,"href":"https:\/\/stag.kisuihair.com\/es\/wp-json\/wp\/v2\/media\/4619"}],"wp:attachment":[{"href":"https:\/\/stag.kisuihair.com\/es\/wp-json\/wp\/v2\/media?parent=6395"}],"wp:term":[{"taxonomy":"product_brand","embeddable":true,"href":"https:\/\/stag.kisuihair.com\/es\/wp-json\/wp\/v2\/product_brand?post=6395"},{"taxonomy":"product_cat","embeddable":true,"href":"https:\/\/stag.kisuihair.com\/es\/wp-json\/wp\/v2\/product_cat?post=6395"},{"taxonomy":"product_tag","embeddable":true,"href":"https:\/\/stag.kisuihair.com\/es\/wp-json\/wp\/v2\/product_tag?post=6395"}],"curies":[{"name":"wp","href":"https:\/\/api.w.org\/{rel}","templated":true}]}}