{"id":6401,"date":"2025-04-24T13:26:30","date_gmt":"2025-04-24T11:26:30","guid":{"rendered":"https:\/\/kisuihair.com\/?post_type=product&#038;p=6401"},"modified":"2025-12-29T13:52:12","modified_gmt":"2025-12-29T12:52:12","slug":"root-lifting-flash","status":"publish","type":"product","link":"https:\/\/stag.kisuihair.com\/es\/root-lifting-flash\/","title":{"rendered":"<b>Root Lifting Spray<\/b><br><span style=\"font-family: 'Red Hat Mono', monospace;\">Spray voluminizador de ra\u00edces efecto lifting<\/span>"},"content":{"rendered":"","protected":false},"excerpt":{"rendered":"<p>Mejora tu peinado con nuestro spray de peinado voluminizador para levantamiento de ra\u00edces, dise\u00f1ado por expertos para aportar cuerpo, textura y un brillo radiante. Enriquecido con aceites capilares hidratantes y prote\u00ednas de arroz, este spray no solo eleva tus ra\u00edces para un look voluminoso, sino que tambi\u00e9n nutre tu cabello. Formulado profesionalmente con aceite de coco nutritivo, aceite de girasol, bamb\u00fa, shiitake, ginseng, avena y trigo, nuestro spray garantiza una experiencia de peinado lujosa y efectiva.<\/p>\n","protected":false},"featured_media":8242,"comment_status":"open","ping_status":"closed","template":"","meta":{"_acf_changed":false},"product_brand":[],"product_cat":[183,181,180,163,131,138,137],"product_tag":[],"class_list":{"0":"post-6401","1":"product","2":"type-product","3":"status-publish","4":"has-post-thumbnail","6":"product_cat-cabello-rizado","7":"product_cat-cuero-cabelludo-graso","8":"product_cat-cuero-cabelludo-seco","9":"product_cat-ki-sui-es","10":"product_cat-cabello-fino","11":"product_cat-perfect-finish","12":"product_cat-styling","14":"first","15":"instock","16":"taxable","17":"shipping-taxable","18":"purchasable","19":"product-type-variable","20":"has-default-attributes"},"acf":[],"_links":{"self":[{"href":"https:\/\/stag.kisuihair.com\/es\/wp-json\/wp\/v2\/product\/6401","targetHints":{"allow":["GET"]}}],"collection":[{"href":"https:\/\/stag.kisuihair.com\/es\/wp-json\/wp\/v2\/product"}],"about":[{"href":"https:\/\/stag.kisuihair.com\/es\/wp-json\/wp\/v2\/types\/product"}],"replies":[{"embeddable":true,"href":"https:\/\/stag.kisuihair.com\/es\/wp-json\/wp\/v2\/comments?post=6401"}],"wp:featuredmedia":[{"embeddable":true,"href":"https:\/\/stag.kisuihair.com\/es\/wp-json\/wp\/v2\/media\/8242"}],"wp:attachment":[{"href":"https:\/\/stag.kisuihair.com\/es\/wp-json\/wp\/v2\/media?parent=6401"}],"wp:term":[{"taxonomy":"product_brand","embeddable":true,"href":"https:\/\/stag.kisuihair.com\/es\/wp-json\/wp\/v2\/product_brand?post=6401"},{"taxonomy":"product_cat","embeddable":true,"href":"https:\/\/stag.kisuihair.com\/es\/wp-json\/wp\/v2\/product_cat?post=6401"},{"taxonomy":"product_tag","embeddable":true,"href":"https:\/\/stag.kisuihair.com\/es\/wp-json\/wp\/v2\/product_tag?post=6401"}],"curies":[{"name":"wp","href":"https:\/\/api.w.org\/{rel}","templated":true}]}}