{"id":6404,"date":"2025-04-23T14:10:22","date_gmt":"2025-04-23T12:10:22","guid":{"rendered":"https:\/\/kisuihair.com\/?post_type=product&#038;p=6404"},"modified":"2026-01-30T12:14:56","modified_gmt":"2026-01-30T11:14:56","slug":"power-repair-spray","status":"publish","type":"product","link":"https:\/\/stag.kisuihair.com\/es\/power-repair-spray\/","title":{"rendered":"<b>Power Repair Spray<\/b><br><span style=\"font-family: 'Red Hat Mono', monospace;\">Tratamiento de reparaci\u00f3n profunda para cabellos da\u00f1ados.<\/span>"},"content":{"rendered":"","protected":false},"excerpt":{"rendered":"<p>Tratamiento Reparador Intensivo enriquecido con una potente mezcla de prote\u00ednas y amino\u00e1cidos, dise\u00f1ado para reducir significativamente la porosidad del cabello y reestructurarlo en profundidad, desde la ra\u00edz hasta las puntas. INTENSIVO<\/p>\n<p>Especialmente formulado para cabellos da\u00f1ados, muy da\u00f1ados, secos y sin vida, nuestro tratamiento ofrece una soluci\u00f3n definitiva para revitalizar y restaurar la salud y el brillo del cabello. Especialmente formulado para uso profesional.<\/p>\n","protected":false},"featured_media":8206,"comment_status":"open","ping_status":"closed","template":"","meta":{"_acf_changed":false},"product_brand":[],"product_cat":[163,127],"product_tag":[],"class_list":{"0":"post-6404","1":"product","2":"type-product","3":"status-publish","4":"has-post-thumbnail","6":"product_cat-ki-sui-es","7":"product_cat-let-it-bloom","9":"first","10":"instock","11":"taxable","12":"shipping-taxable","13":"purchasable","14":"product-type-variable","15":"has-default-attributes"},"acf":[],"_links":{"self":[{"href":"https:\/\/stag.kisuihair.com\/es\/wp-json\/wp\/v2\/product\/6404","targetHints":{"allow":["GET"]}}],"collection":[{"href":"https:\/\/stag.kisuihair.com\/es\/wp-json\/wp\/v2\/product"}],"about":[{"href":"https:\/\/stag.kisuihair.com\/es\/wp-json\/wp\/v2\/types\/product"}],"replies":[{"embeddable":true,"href":"https:\/\/stag.kisuihair.com\/es\/wp-json\/wp\/v2\/comments?post=6404"}],"wp:featuredmedia":[{"embeddable":true,"href":"https:\/\/stag.kisuihair.com\/es\/wp-json\/wp\/v2\/media\/8206"}],"wp:attachment":[{"href":"https:\/\/stag.kisuihair.com\/es\/wp-json\/wp\/v2\/media?parent=6404"}],"wp:term":[{"taxonomy":"product_brand","embeddable":true,"href":"https:\/\/stag.kisuihair.com\/es\/wp-json\/wp\/v2\/product_brand?post=6404"},{"taxonomy":"product_cat","embeddable":true,"href":"https:\/\/stag.kisuihair.com\/es\/wp-json\/wp\/v2\/product_cat?post=6404"},{"taxonomy":"product_tag","embeddable":true,"href":"https:\/\/stag.kisuihair.com\/es\/wp-json\/wp\/v2\/product_tag?post=6404"}],"curies":[{"name":"wp","href":"https:\/\/api.w.org\/{rel}","templated":true}]}}