{"id":6419,"date":"2025-04-23T14:09:45","date_gmt":"2025-04-23T12:09:45","guid":{"rendered":"https:\/\/kisuihair.com\/?post_type=product&#038;p=6419"},"modified":"2026-02-05T10:44:32","modified_gmt":"2026-02-05T09:44:32","slug":"softening-frizz-control-spray","status":"publish","type":"product","link":"https:\/\/stag.kisuihair.com\/es\/softening-frizz-control-spray\/","title":{"rendered":"<b>Softening Frizz Control Spray<\/b><br><span style=\"font-family: 'Red Hat Mono', monospace;\">Tratamiento nutritivo antifrizz que no apelmaza.<\/span>"},"content":{"rendered":"","protected":false},"excerpt":{"rendered":"<p>Aceites concentrados para una nutrici\u00f3n profunda, nuestra f\u00f3rmula exclusiva penetra en la fibra capilar, nutri\u00e9ndola tanto interna como externamente, para transformar el cabello en una melena flexible, suave y radiante. Ideal para cabellos da\u00f1ados, extremadamente da\u00f1ados, secos y sin brillo, este tratamiento \u00fanico no contiene agua y ofrece un acabado no graso. Especialmente formulado para uso profesional.<\/p>\n","protected":false},"featured_media":8226,"comment_status":"open","ping_status":"closed","template":"","meta":{"_acf_changed":false},"product_brand":[],"product_cat":[163,127],"product_tag":[],"class_list":{"0":"post-6419","1":"product","2":"type-product","3":"status-publish","4":"has-post-thumbnail","6":"product_cat-ki-sui-es","7":"product_cat-let-it-bloom","9":"first","10":"instock","11":"taxable","12":"shipping-taxable","13":"purchasable","14":"product-type-variable"},"acf":[],"_links":{"self":[{"href":"https:\/\/stag.kisuihair.com\/es\/wp-json\/wp\/v2\/product\/6419","targetHints":{"allow":["GET"]}}],"collection":[{"href":"https:\/\/stag.kisuihair.com\/es\/wp-json\/wp\/v2\/product"}],"about":[{"href":"https:\/\/stag.kisuihair.com\/es\/wp-json\/wp\/v2\/types\/product"}],"replies":[{"embeddable":true,"href":"https:\/\/stag.kisuihair.com\/es\/wp-json\/wp\/v2\/comments?post=6419"}],"wp:featuredmedia":[{"embeddable":true,"href":"https:\/\/stag.kisuihair.com\/es\/wp-json\/wp\/v2\/media\/8226"}],"wp:attachment":[{"href":"https:\/\/stag.kisuihair.com\/es\/wp-json\/wp\/v2\/media?parent=6419"}],"wp:term":[{"taxonomy":"product_brand","embeddable":true,"href":"https:\/\/stag.kisuihair.com\/es\/wp-json\/wp\/v2\/product_brand?post=6419"},{"taxonomy":"product_cat","embeddable":true,"href":"https:\/\/stag.kisuihair.com\/es\/wp-json\/wp\/v2\/product_cat?post=6419"},{"taxonomy":"product_tag","embeddable":true,"href":"https:\/\/stag.kisuihair.com\/es\/wp-json\/wp\/v2\/product_tag?post=6419"}],"curies":[{"name":"wp","href":"https:\/\/api.w.org\/{rel}","templated":true}]}}