{"id":6422,"date":"2025-04-23T13:29:13","date_gmt":"2025-04-23T11:29:13","guid":{"rendered":"https:\/\/kisuihair.com\/?post_type=product&#038;p=6422"},"modified":"2026-02-05T10:44:32","modified_gmt":"2026-02-05T09:44:32","slug":"alisado-silky-movement","status":"publish","type":"product","link":"https:\/\/stag.kisuihair.com\/es\/alisado-silky-movement\/","title":{"rendered":"<b>Silky Movement<\/b><br><span style=\"font-family: 'Red Hat Mono', monospace;\">Tratamiento alisador org\u00e1nico antiencrespamiento de larga duraci\u00f3n<\/span>"},"content":{"rendered":"","protected":false},"excerpt":{"rendered":"<p>Este avanzado Tratamiento de alisado y antiencrespamiento est\u00e1 dise\u00f1ado para restaurar, nutrir y aumentar la densidad del cabello desde la ra\u00edz hasta las puntas.<br \/>\nLogra un cabello visiblemente sano, perfectamente liso, de aspecto natural y extraordinariamente brillante con tan solo una aplicaci\u00f3n. Ideal para todo tipo de cabello y especialmente formulado para uso profesional.<\/p>\n<p>&nbsp;<\/p>\n<p><strong data-start=\"196\" data-end=\"272\">\u00bfEres profesional de la peluquer\u00eda y te gustar\u00eda probar nuestro alisado?<\/strong><br data-start=\"272\" data-end=\"275\" \/>Ahora puedes hacerlo con nuestro <strong data-start=\"310\" data-end=\"323\">Silky Set: <\/strong><span style=\"color: #f04018;\"><a style=\"color: #f04018;\" href=\"https:\/\/stag.kisuihair.com\/es\/set-profesional-kisui\/\"><strong data-start=\"329\" data-end=\"349\">Desc\u00fabrelo aqu\u00ed.<\/strong><\/a><\/span><\/p>\n<p>&nbsp;<\/p>\n","protected":false},"featured_media":4560,"comment_status":"open","ping_status":"closed","template":"","meta":{"_acf_changed":false},"product_brand":[],"product_cat":[185,163,125],"product_tag":[],"class_list":{"0":"post-6422","1":"product","2":"type-product","3":"status-publish","4":"has-post-thumbnail","6":"product_cat-cabello-encrespado","7":"product_cat-ki-sui-es","8":"product_cat-silky-movement","10":"first","11":"instock","12":"taxable","13":"shipping-taxable","14":"purchasable","15":"product-type-variable","16":"has-default-attributes"},"acf":[],"_links":{"self":[{"href":"https:\/\/stag.kisuihair.com\/es\/wp-json\/wp\/v2\/product\/6422","targetHints":{"allow":["GET"]}}],"collection":[{"href":"https:\/\/stag.kisuihair.com\/es\/wp-json\/wp\/v2\/product"}],"about":[{"href":"https:\/\/stag.kisuihair.com\/es\/wp-json\/wp\/v2\/types\/product"}],"replies":[{"embeddable":true,"href":"https:\/\/stag.kisuihair.com\/es\/wp-json\/wp\/v2\/comments?post=6422"}],"wp:featuredmedia":[{"embeddable":true,"href":"https:\/\/stag.kisuihair.com\/es\/wp-json\/wp\/v2\/media\/4560"}],"wp:attachment":[{"href":"https:\/\/stag.kisuihair.com\/es\/wp-json\/wp\/v2\/media?parent=6422"}],"wp:term":[{"taxonomy":"product_brand","embeddable":true,"href":"https:\/\/stag.kisuihair.com\/es\/wp-json\/wp\/v2\/product_brand?post=6422"},{"taxonomy":"product_cat","embeddable":true,"href":"https:\/\/stag.kisuihair.com\/es\/wp-json\/wp\/v2\/product_cat?post=6422"},{"taxonomy":"product_tag","embeddable":true,"href":"https:\/\/stag.kisuihair.com\/es\/wp-json\/wp\/v2\/product_tag?post=6422"}],"curies":[{"name":"wp","href":"https:\/\/api.w.org\/{rel}","templated":true}]}}