{"id":6463,"date":"2025-04-24T13:28:16","date_gmt":"2025-04-24T11:28:16","guid":{"rendered":"https:\/\/kisuihair.com\/?post_type=product&#038;p=6463"},"modified":"2026-02-05T08:41:21","modified_gmt":"2026-02-05T07:41:21","slug":"styling-10","status":"publish","type":"product","link":"https:\/\/stag.kisuihair.com\/es\/styling-10\/","title":{"rendered":"<b>Styling 10<\/b><br><span style=\"font-family: 'Red Hat Mono', monospace;\">Finalizador 10 en 1 que aporta hidrataci\u00f3n, protecci\u00f3n y brillo<\/span>"},"content":{"rendered":"","protected":false},"excerpt":{"rendered":"<p>Experimenta la excelencia de nuestro revolucionario finalizador sin enjuague 10 en 1. Este vers\u00e1til acabado para el cabello ofrece una multitud de beneficios: hidrata y estiliza con un acabado sedoso, a\u00f1ade luminosidad, reduce el volumen y proporciona un efecto alisador, todo mientras restaura los enlaces internos del cabello.<\/p>\n<p>Incluye protecci\u00f3n t\u00e9rmica para el cabello, repara las puntas abiertas y garantiza un secado al aire libre de frizz para un acabado impecable.<\/p>\n<p>Formulado profesionalmente con una gama de ingredientes enriquecedores como pantenol, algas marinas, jugo de coco, aloe vera y pepino, prote\u00edna de arroz, ca\u00f1a de az\u00facar, avena y trigo, este finalizador no solo aumenta el brillo y sella la cut\u00edcula del cabello, sino que tambi\u00e9n realza la belleza natural del cabello, dej\u00e1ndolo flexible, suave y radiante.<\/p>\n","protected":false},"featured_media":4516,"comment_status":"open","ping_status":"closed","template":"","meta":{"_acf_changed":false},"product_brand":[],"product_cat":[184,185,182,186,183,163,133,132,131,138,137],"product_tag":[],"class_list":{"0":"post-6463","1":"product","2":"type-product","3":"status-publish","4":"has-post-thumbnail","6":"product_cat-cabello-danado","7":"product_cat-cabello-encrespado","8":"product_cat-cabello-graso","9":"product_cat-cabello-grueso","10":"product_cat-cabello-rizado","11":"product_cat-ki-sui-es","12":"product_cat-cabello-tenido","13":"product_cat-cabello-seco","14":"product_cat-cabello-fino","15":"product_cat-perfect-finish","16":"product_cat-styling","18":"first","19":"instock","20":"taxable","21":"shipping-taxable","22":"purchasable","23":"product-type-variable","24":"has-default-attributes"},"acf":[],"_links":{"self":[{"href":"https:\/\/stag.kisuihair.com\/es\/wp-json\/wp\/v2\/product\/6463","targetHints":{"allow":["GET"]}}],"collection":[{"href":"https:\/\/stag.kisuihair.com\/es\/wp-json\/wp\/v2\/product"}],"about":[{"href":"https:\/\/stag.kisuihair.com\/es\/wp-json\/wp\/v2\/types\/product"}],"replies":[{"embeddable":true,"href":"https:\/\/stag.kisuihair.com\/es\/wp-json\/wp\/v2\/comments?post=6463"}],"wp:featuredmedia":[{"embeddable":true,"href":"https:\/\/stag.kisuihair.com\/es\/wp-json\/wp\/v2\/media\/4516"}],"wp:attachment":[{"href":"https:\/\/stag.kisuihair.com\/es\/wp-json\/wp\/v2\/media?parent=6463"}],"wp:term":[{"taxonomy":"product_brand","embeddable":true,"href":"https:\/\/stag.kisuihair.com\/es\/wp-json\/wp\/v2\/product_brand?post=6463"},{"taxonomy":"product_cat","embeddable":true,"href":"https:\/\/stag.kisuihair.com\/es\/wp-json\/wp\/v2\/product_cat?post=6463"},{"taxonomy":"product_tag","embeddable":true,"href":"https:\/\/stag.kisuihair.com\/es\/wp-json\/wp\/v2\/product_tag?post=6463"}],"curies":[{"name":"wp","href":"https:\/\/api.w.org\/{rel}","templated":true}]}}