{"id":9175,"date":"2025-04-20T11:02:53","date_gmt":"2025-04-20T09:02:53","guid":{"rendered":"https:\/\/kisuihair.com\/?post_type=product&#038;p=9175"},"modified":"2026-02-05T10:44:29","modified_gmt":"2026-02-05T09:44:29","slug":"bolsa-ki-sui","status":"publish","type":"product","link":"https:\/\/stag.kisuihair.com\/es\/bolsa-ki-sui\/","title":{"rendered":"Bolsa Ki.Sui"},"content":{"rendered":"","protected":false},"excerpt":{"rendered":"<p data-start=\"162\" data-end=\"217\">Ligera, vers\u00e1til y pensada para acompa\u00f1arte cada d\u00eda.<\/p>\n<p data-start=\"219\" data-end=\"406\">Su dise\u00f1o amplio y c\u00f3modo permite llevar con facilidad productos, herramientas o tus esenciales diarios. Las asas largas aportan un ajuste natural al hombro y un uso c\u00f3modo en movimiento.<\/p>\n<p data-start=\"408\" data-end=\"421\"><strong data-start=\"408\" data-end=\"419\">Medidas<\/strong><\/p>\n<ul data-start=\"422\" data-end=\"510\">\n<li data-start=\"422\" data-end=\"442\">\n<p data-start=\"424\" data-end=\"442\"><strong data-start=\"424\" data-end=\"434\">Ancho:<\/strong> 39 cm<\/p>\n<\/li>\n<li data-start=\"443\" data-end=\"473\">\n<p data-start=\"445\" data-end=\"473\"><strong data-start=\"445\" data-end=\"465\">Alto (sin asas):<\/strong> 36 cm<\/p>\n<\/li>\n<li data-start=\"474\" data-end=\"510\">\n<p data-start=\"476\" data-end=\"510\"><strong data-start=\"476\" data-end=\"502\">Alto total (con asas):<\/strong> 60 cm<\/p>\n<\/li>\n<\/ul>\n<p data-start=\"512\" data-end=\"545\">Minimalista. Funcional. Ki.Sui.<\/p>\n","protected":false},"featured_media":12028,"comment_status":"open","ping_status":"closed","template":"","meta":{"_acf_changed":false},"product_brand":[],"product_cat":[194],"product_tag":[],"class_list":{"0":"post-9175","1":"product","2":"type-product","3":"status-publish","4":"has-post-thumbnail","6":"product_cat-accesorios","8":"first","9":"instock","10":"taxable","11":"shipping-taxable","12":"purchasable","13":"product-type-simple"},"acf":[],"_links":{"self":[{"href":"https:\/\/stag.kisuihair.com\/es\/wp-json\/wp\/v2\/product\/9175","targetHints":{"allow":["GET"]}}],"collection":[{"href":"https:\/\/stag.kisuihair.com\/es\/wp-json\/wp\/v2\/product"}],"about":[{"href":"https:\/\/stag.kisuihair.com\/es\/wp-json\/wp\/v2\/types\/product"}],"replies":[{"embeddable":true,"href":"https:\/\/stag.kisuihair.com\/es\/wp-json\/wp\/v2\/comments?post=9175"}],"wp:featuredmedia":[{"embeddable":true,"href":"https:\/\/stag.kisuihair.com\/es\/wp-json\/wp\/v2\/media\/12028"}],"wp:attachment":[{"href":"https:\/\/stag.kisuihair.com\/es\/wp-json\/wp\/v2\/media?parent=9175"}],"wp:term":[{"taxonomy":"product_brand","embeddable":true,"href":"https:\/\/stag.kisuihair.com\/es\/wp-json\/wp\/v2\/product_brand?post=9175"},{"taxonomy":"product_cat","embeddable":true,"href":"https:\/\/stag.kisuihair.com\/es\/wp-json\/wp\/v2\/product_cat?post=9175"},{"taxonomy":"product_tag","embeddable":true,"href":"https:\/\/stag.kisuihair.com\/es\/wp-json\/wp\/v2\/product_tag?post=9175"}],"curies":[{"name":"wp","href":"https:\/\/api.w.org\/{rel}","templated":true}]}}