{"id":9177,"date":"2024-06-12T10:29:35","date_gmt":"2024-06-12T08:29:35","guid":{"rendered":"https:\/\/kisuihair.com\/?post_type=product&#038;p=9177"},"modified":"2026-01-23T16:48:57","modified_gmt":"2026-01-23T15:48:57","slug":"bata-ki-sui","status":"publish","type":"product","link":"https:\/\/stag.kisuihair.com\/es\/bata-ki-sui\/","title":{"rendered":"Bata Ki.Sui"},"content":{"rendered":"","protected":false},"excerpt":{"rendered":"<p data-start=\"253\" data-end=\"348\">Dise\u00f1ada para el ritmo real de un sal\u00f3n.<\/p>\n<p data-start=\"253\" data-end=\"348\">\n<p data-start=\"350\" data-end=\"751\">Esta bata profesional Ki.Sui est\u00e1 confeccionada en <strong data-start=\"401\" data-end=\"419\">100% poli\u00e9ster<\/strong>, una elecci\u00f3n consciente y necesaria en el entorno profesional: resistente, duradera, f\u00e1cil de limpiar y preparada para un uso intensivo diario. Apostamos por materiales que <strong data-start=\"594\" data-end=\"626\">alargan la vida del producto<\/strong>, reducen reemplazos constantes y, por tanto, el consumo innecesario. Ser responsables tambi\u00e9n es tomar decisiones pr\u00e1cticas.<\/p>\n<p data-start=\"753\" data-end=\"853\">Inspirada en la <strong data-start=\"769\" data-end=\"790\">est\u00e9tica japonesa<\/strong>, su dise\u00f1o limpio y funcional ofrece <strong data-start=\"828\" data-end=\"852\">dos formas de cierre<\/strong>:<\/p>\n<ul data-start=\"854\" data-end=\"993\">\n<li data-start=\"854\" data-end=\"927\">\n<p data-start=\"856\" data-end=\"927\">un ajuste m\u00e1s holgado, tipo kimono, para mayor libertad de movimiento<\/p>\n<\/li>\n<li data-start=\"928\" data-end=\"993\">\n<p data-start=\"930\" data-end=\"993\">y una opci\u00f3n m\u00e1s ajustada, que estiliza y se adapta al cuerpo<\/p>\n<\/li>\n<\/ul>\n<p data-start=\"995\" data-end=\"1112\">\n<p data-start=\"995\" data-end=\"1112\">Esto la convierte en una prenda <strong data-start=\"1027\" data-end=\"1077\">vers\u00e1til y favorecedora para cualquier persona<\/strong>, independientemente de su silueta.<\/p>\n<p data-start=\"1114\" data-end=\"1302\">Las <strong data-start=\"1118\" data-end=\"1141\">aberturas laterales<\/strong> aportan fluidez, movimiento y comodidad, permitiendo adem\u00e1s <strong data-start=\"1202\" data-end=\"1254\">meter las manos en los bolsillos con naturalidad<\/strong>, algo imprescindible en el d\u00eda a d\u00eda del sal\u00f3n.<\/p>\n<p data-start=\"1114\" data-end=\"1302\">\n<p data-start=\"1304\" data-end=\"1395\">Minimalista, funcional y honesta.<\/p>\n","protected":false},"featured_media":12756,"comment_status":"open","ping_status":"closed","template":"","meta":{"_acf_changed":false},"product_brand":[],"product_cat":[194,163],"product_tag":[],"class_list":{"0":"post-9177","1":"product","2":"type-product","3":"status-publish","4":"has-post-thumbnail","6":"product_cat-accesorios","7":"product_cat-ki-sui-es","9":"first","10":"instock","11":"taxable","12":"shipping-taxable","13":"purchasable","14":"product-type-simple"},"acf":[],"_links":{"self":[{"href":"https:\/\/stag.kisuihair.com\/es\/wp-json\/wp\/v2\/product\/9177","targetHints":{"allow":["GET"]}}],"collection":[{"href":"https:\/\/stag.kisuihair.com\/es\/wp-json\/wp\/v2\/product"}],"about":[{"href":"https:\/\/stag.kisuihair.com\/es\/wp-json\/wp\/v2\/types\/product"}],"replies":[{"embeddable":true,"href":"https:\/\/stag.kisuihair.com\/es\/wp-json\/wp\/v2\/comments?post=9177"}],"wp:featuredmedia":[{"embeddable":true,"href":"https:\/\/stag.kisuihair.com\/es\/wp-json\/wp\/v2\/media\/12756"}],"wp:attachment":[{"href":"https:\/\/stag.kisuihair.com\/es\/wp-json\/wp\/v2\/media?parent=9177"}],"wp:term":[{"taxonomy":"product_brand","embeddable":true,"href":"https:\/\/stag.kisuihair.com\/es\/wp-json\/wp\/v2\/product_brand?post=9177"},{"taxonomy":"product_cat","embeddable":true,"href":"https:\/\/stag.kisuihair.com\/es\/wp-json\/wp\/v2\/product_cat?post=9177"},{"taxonomy":"product_tag","embeddable":true,"href":"https:\/\/stag.kisuihair.com\/es\/wp-json\/wp\/v2\/product_tag?post=9177"}],"curies":[{"name":"wp","href":"https:\/\/api.w.org\/{rel}","templated":true}]}}