{"id":9975,"date":"2025-04-24T13:25:37","date_gmt":"2025-04-24T11:25:37","guid":{"rendered":"https:\/\/kisuihair.com\/?post_type=product&#038;p=9975"},"modified":"2025-12-07T13:36:08","modified_gmt":"2025-12-07T12:36:08","slug":"serum-oil-elixir","status":"publish","type":"product","link":"https:\/\/stag.kisuihair.com\/es\/serum-oil-elixir\/","title":{"rendered":"<b>Serum Oil Elixir<\/b><br><span style=\"font-family: 'Red Hat Mono', monospace;\">S\u00e9rum reparador que sella las puntas y aporta brillo<\/span>"},"content":{"rendered":"","protected":false},"excerpt":{"rendered":"<p>Descubre el poder del <strong>S\u00e9rum Oil Elixir<\/strong>, un s\u00e9rum capilar de r\u00e1pida absorci\u00f3n que hidrata, repara y sella las puntas abiertas, dejando el cabello incre\u00edblemente suave y brillante. Con la riqueza terrosa del pachuli y los beneficios profundamente nutritivos del aceite de c\u00e1rtamo, su mezcla de macadamia, vitamina E y aceite de c\u00e1scara de naranja ayuda a proteger la fibra capilar, previniendo la sequedad y el encrespamiento. Este s\u00e9rum sin siliconas ofrece un acabado sedoso y luminoso en cada aplicaci\u00f3n.<\/p>\n","protected":false},"featured_media":6283,"comment_status":"open","ping_status":"closed","template":"","meta":{"_acf_changed":false},"product_brand":[],"product_cat":[184,185,186,183,163,133,132,131,138,137],"product_tag":[],"class_list":{"0":"post-9975","1":"product","2":"type-product","3":"status-publish","4":"has-post-thumbnail","6":"product_cat-cabello-danado","7":"product_cat-cabello-encrespado","8":"product_cat-cabello-grueso","9":"product_cat-cabello-rizado","10":"product_cat-ki-sui-es","11":"product_cat-cabello-tenido","12":"product_cat-cabello-seco","13":"product_cat-cabello-fino","14":"product_cat-perfect-finish","15":"product_cat-styling","17":"first","18":"instock","19":"taxable","20":"shipping-taxable","21":"purchasable","22":"product-type-variable","23":"has-default-attributes"},"acf":[],"_links":{"self":[{"href":"https:\/\/stag.kisuihair.com\/es\/wp-json\/wp\/v2\/product\/9975","targetHints":{"allow":["GET"]}}],"collection":[{"href":"https:\/\/stag.kisuihair.com\/es\/wp-json\/wp\/v2\/product"}],"about":[{"href":"https:\/\/stag.kisuihair.com\/es\/wp-json\/wp\/v2\/types\/product"}],"replies":[{"embeddable":true,"href":"https:\/\/stag.kisuihair.com\/es\/wp-json\/wp\/v2\/comments?post=9975"}],"wp:featuredmedia":[{"embeddable":true,"href":"https:\/\/stag.kisuihair.com\/es\/wp-json\/wp\/v2\/media\/6283"}],"wp:attachment":[{"href":"https:\/\/stag.kisuihair.com\/es\/wp-json\/wp\/v2\/media?parent=9975"}],"wp:term":[{"taxonomy":"product_brand","embeddable":true,"href":"https:\/\/stag.kisuihair.com\/es\/wp-json\/wp\/v2\/product_brand?post=9975"},{"taxonomy":"product_cat","embeddable":true,"href":"https:\/\/stag.kisuihair.com\/es\/wp-json\/wp\/v2\/product_cat?post=9975"},{"taxonomy":"product_tag","embeddable":true,"href":"https:\/\/stag.kisuihair.com\/es\/wp-json\/wp\/v2\/product_tag?post=9975"}],"curies":[{"name":"wp","href":"https:\/\/api.w.org\/{rel}","templated":true}]}}